{"id":52,"date":"2026-02-10T21:18:15","date_gmt":"2026-02-10T21:18:15","guid":{"rendered":"https:\/\/siloel.com\/?page_id=52"},"modified":"2026-02-26T14:53:15","modified_gmt":"2026-02-26T14:53:15","slug":"a-propos","status":"publish","type":"page","link":"https:\/\/siloel.com\/en\/a-propos\/","title":{"rendered":"About Us"},"content":{"rendered":"<div data-elementor-type=\"wp-page\" data-elementor-id=\"52\" class=\"elementor elementor-52\">\n\t\t\t\t<div class=\"elementor-element elementor-element-ff7e582 e-flex e-con-boxed e-con e-parent\" data-id=\"ff7e582\" data-element_type=\"container\" data-e-type=\"container\" data-settings=\"{&quot;background_background&quot;:&quot;classic&quot;}\">\n\t\t\t\t\t<div class=\"e-con-inner\">\n\t\t\t\t<div class=\"elementor-element elementor-element-7f28352 elementor-widget elementor-widget-heading\" data-id=\"7f28352\" data-element_type=\"widget\" data-e-type=\"widget\" data-widget_type=\"heading.default\">\n\t\t\t\t\t<h2 class=\"elementor-heading-title elementor-size-default\">About Us<\/h2>\t\t\t\t<\/div>\n\t\t\t\t\t<\/div>\n\t\t\t\t<\/div>\n\t\t<div class=\"elementor-element elementor-element-bcb47e1 e-flex e-con-boxed elementor-invisible e-con e-parent\" data-id=\"bcb47e1\" data-element_type=\"container\" data-e-type=\"container\" data-settings=\"{&quot;animation&quot;:&quot;fadeInUp&quot;}\">\n\t\t\t\t\t<div class=\"e-con-inner\">\n\t\t\t\t<div class=\"elementor-element elementor-element-d9b520d elementor-widget elementor-widget-text-editor\" data-id=\"d9b520d\" data-element_type=\"widget\" data-e-type=\"widget\" data-widget_type=\"text-editor.default\">\n\t\t\t\t\t\t\t\t\t<p class=\"cvGsUA direction-ltr align-justify para-style-body\"><span class=\"a_GcMg font-feature-liga-off font-feature-clig-off font-feature-calt-off text-decoration-none text-strikethrough-none\">SiloEl brings together four musicians driven by the same goal: to write modern pop infused with electro and rock, anchored by lyrics in the pure tradition of the \u201cchanson fran\u00e7aise\u201d that allow them to express everything that moves them.<\/span><\/p><p class=\"cvGsUA direction-ltr align-justify para-style-body\"><span style=\"font-style: inherit; text-align: var(--text-align);\">L\u00e9a Ritter, a singer from an early age, delivers immediate, emotionally charged vocal lines.<\/span><\/p>\n<p class=\"cvGsUA direction-ltr align-justify para-style-body\"><span class=\"a_GcMg font-feature-liga-off font-feature-clig-off font-feature-calt-off text-decoration-none text-strikethrough-none\">Julien Pignard, a former saxophonist, turned to digital creation in his teens and now shapes SiloEl\u2019s beatmaking and production.<\/span><\/p>\n<p class=\"cvGsUA direction-ltr align-justify para-style-body\"><span class=\"a_GcMg font-feature-liga-off font-feature-clig-off font-feature-calt-off text-decoration-none text-strikethrough-none\">Santino and Eve\u2011Line Macagnino, co-founders of the band White Spirit (20 years of activity, concerts across Europe and Switzerland, opening act for Simple Minds, two albums: \u201cR\u00e9servoir Love\u201d and \u201cFace au mur\u201d), bring experience and songwriting skills: Eve-Line, a lyricist who attended two writing workshops in Astaffort with Francis Cabrel, writes the lyrics and contributes vocals, while Santino handles the guitar and leads the project.<\/span><\/p>\n<p class=\"cvGsUA direction-ltr align-justify para-style-body\"><span class=\"a_GcMg font-feature-liga-off font-feature-clig-off font-feature-calt-off text-decoration-none text-strikethrough-none\">Together, they write, compose, and arrange collectively, and have adapted their approach during the health crisis. Today, SiloEl is preparing to release their debut album, \u201cM\u00eame si\u201d, which showcases their songwriting, blending pop melodies, electronic atmospheres, and live rock energy.<\/span><\/p>\t\t\t\t\t\t\t\t<\/div>\n\t\t\t\t\t<\/div>\n\t\t\t\t<\/div>\n\t\t<div class=\"elementor-element elementor-element-9cf56bf e-flex e-con-boxed elementor-invisible e-con e-parent\" data-id=\"9cf56bf\" data-element_type=\"container\" data-e-type=\"container\" data-settings=\"{&quot;animation&quot;:&quot;fadeInUp&quot;}\">\n\t\t\t\t\t<div class=\"e-con-inner\">\n\t\t<div class=\"elementor-element elementor-element-d7f0f20 e-con-full e-flex e-con e-child\" data-id=\"d7f0f20\" data-element_type=\"container\" data-e-type=\"container\">\n\t\t\t\t<div class=\"elementor-element elementor-element-230b6ab elementor-widget elementor-widget-image\" data-id=\"230b6ab\" data-element_type=\"widget\" data-e-type=\"widget\" data-widget_type=\"image.default\">\n\t\t\t\t\t\t\t\t\t\t\t\t\t\t\t<img fetchpriority=\"high\" decoding=\"async\" width=\"1024\" height=\"683\" src=\"https:\/\/siloel.com\/wp-content\/uploads\/2026\/02\/DSC1175-1024x683.jpg\" class=\"attachment-large size-large wp-image-60\" alt=\"\" srcset=\"https:\/\/siloel.com\/wp-content\/uploads\/2026\/02\/DSC1175-1024x683.jpg 1024w, https:\/\/siloel.com\/wp-content\/uploads\/2026\/02\/DSC1175-300x200.jpg 300w, https:\/\/siloel.com\/wp-content\/uploads\/2026\/02\/DSC1175-768x512.jpg 768w, https:\/\/siloel.com\/wp-content\/uploads\/2026\/02\/DSC1175-1536x1024.jpg 1536w, https:\/\/siloel.com\/wp-content\/uploads\/2026\/02\/DSC1175-2048x1365.jpg 2048w\" sizes=\"(max-width: 1024px) 100vw, 1024px\" \/>\t\t\t\t\t\t\t\t\t\t\t\t\t\t\t<\/div>\n\t\t\t\t<\/div>\n\t\t<div class=\"elementor-element elementor-element-3f15e15 e-con-full e-flex e-con e-child\" data-id=\"3f15e15\" data-element_type=\"container\" data-e-type=\"container\">\n\t\t\t\t<div class=\"elementor-element elementor-element-666a5ba elementor-widget__width-initial elementor-widget elementor-widget-image\" data-id=\"666a5ba\" data-element_type=\"widget\" data-e-type=\"widget\" data-widget_type=\"image.default\">\n\t\t\t\t\t\t\t\t\t\t\t\t\t\t\t<img decoding=\"async\" width=\"819\" height=\"1024\" src=\"https:\/\/siloel.com\/wp-content\/uploads\/2026\/02\/DSC0894-819x1024.jpg\" class=\"attachment-large size-large wp-image-59\" alt=\"\" srcset=\"https:\/\/siloel.com\/wp-content\/uploads\/2026\/02\/DSC0894-819x1024.jpg 819w, https:\/\/siloel.com\/wp-content\/uploads\/2026\/02\/DSC0894-240x300.jpg 240w, https:\/\/siloel.com\/wp-content\/uploads\/2026\/02\/DSC0894-768x960.jpg 768w, https:\/\/siloel.com\/wp-content\/uploads\/2026\/02\/DSC0894-1229x1536.jpg 1229w, https:\/\/siloel.com\/wp-content\/uploads\/2026\/02\/DSC0894-1638x2048.jpg 1638w, https:\/\/siloel.com\/wp-content\/uploads\/2026\/02\/DSC0894-scaled.jpg 2048w\" sizes=\"(max-width: 819px) 100vw, 819px\" \/>\t\t\t\t\t\t\t\t\t\t\t\t\t\t\t<\/div>\n\t\t\t\t<\/div>\n\t\t<div class=\"elementor-element elementor-element-704e4a7 e-con-full e-flex e-con e-child\" data-id=\"704e4a7\" data-element_type=\"container\" data-e-type=\"container\">\n\t\t\t\t<div class=\"elementor-element elementor-element-af82d1f elementor-widget elementor-widget-image\" data-id=\"af82d1f\" data-element_type=\"widget\" data-e-type=\"widget\" data-widget_type=\"image.default\">\n\t\t\t\t\t\t\t\t\t\t\t\t\t\t\t<img decoding=\"async\" width=\"768\" height=\"1024\" src=\"https:\/\/siloel.com\/wp-content\/uploads\/2026\/02\/DSC0885-768x1024.jpg\" class=\"attachment-large size-large wp-image-58\" alt=\"\" srcset=\"https:\/\/siloel.com\/wp-content\/uploads\/2026\/02\/DSC0885-768x1024.jpg 768w, https:\/\/siloel.com\/wp-content\/uploads\/2026\/02\/DSC0885-225x300.jpg 225w, https:\/\/siloel.com\/wp-content\/uploads\/2026\/02\/DSC0885-1152x1536.jpg 1152w, https:\/\/siloel.com\/wp-content\/uploads\/2026\/02\/DSC0885-1536x2048.jpg 1536w, https:\/\/siloel.com\/wp-content\/uploads\/2026\/02\/DSC0885-scaled.jpg 1920w\" sizes=\"(max-width: 768px) 100vw, 768px\" \/>\t\t\t\t\t\t\t\t\t\t\t\t\t\t\t<\/div>\n\t\t\t\t<\/div>\n\t\t<div class=\"elementor-element elementor-element-6643a02 e-con-full e-flex e-con e-child\" data-id=\"6643a02\" data-element_type=\"container\" data-e-type=\"container\">\n\t\t\t\t<div class=\"elementor-element elementor-element-daa0898 elementor-widget elementor-widget-image\" data-id=\"daa0898\" data-element_type=\"widget\" data-e-type=\"widget\" data-widget_type=\"image.default\">\n\t\t\t\t\t\t\t\t\t\t\t\t\t\t\t<img loading=\"lazy\" decoding=\"async\" width=\"1024\" height=\"683\" src=\"https:\/\/siloel.com\/wp-content\/uploads\/2026\/02\/DSC1176-1024x683.jpg\" class=\"attachment-large size-large wp-image-61\" alt=\"\" srcset=\"https:\/\/siloel.com\/wp-content\/uploads\/2026\/02\/DSC1176-1024x683.jpg 1024w, https:\/\/siloel.com\/wp-content\/uploads\/2026\/02\/DSC1176-300x200.jpg 300w, https:\/\/siloel.com\/wp-content\/uploads\/2026\/02\/DSC1176-768x512.jpg 768w, https:\/\/siloel.com\/wp-content\/uploads\/2026\/02\/DSC1176-1536x1024.jpg 1536w, https:\/\/siloel.com\/wp-content\/uploads\/2026\/02\/DSC1176-2048x1365.jpg 2048w\" sizes=\"(max-width: 1024px) 100vw, 1024px\" \/>\t\t\t\t\t\t\t\t\t\t\t\t\t\t\t<\/div>\n\t\t\t\t<\/div>\n\t\t<div class=\"elementor-element elementor-element-387ad10 e-con-full e-flex e-con e-child\" data-id=\"387ad10\" data-element_type=\"container\" data-e-type=\"container\">\n\t\t\t\t<div class=\"elementor-element elementor-element-1dfbd84 elementor-widget elementor-widget-image\" data-id=\"1dfbd84\" data-element_type=\"widget\" data-e-type=\"widget\" data-widget_type=\"image.default\">\n\t\t\t\t\t\t\t\t\t\t\t\t\t\t\t<img loading=\"lazy\" decoding=\"async\" width=\"1024\" height=\"683\" src=\"https:\/\/siloel.com\/wp-content\/uploads\/2026\/02\/DSC_1053-3-1-1024x683.jpg\" class=\"attachment-large size-large wp-image-62\" alt=\"\" srcset=\"https:\/\/siloel.com\/wp-content\/uploads\/2026\/02\/DSC_1053-3-1-1024x683.jpg 1024w, https:\/\/siloel.com\/wp-content\/uploads\/2026\/02\/DSC_1053-3-1-300x200.jpg 300w, https:\/\/siloel.com\/wp-content\/uploads\/2026\/02\/DSC_1053-3-1-768x512.jpg 768w, https:\/\/siloel.com\/wp-content\/uploads\/2026\/02\/DSC_1053-3-1-1536x1024.jpg 1536w, https:\/\/siloel.com\/wp-content\/uploads\/2026\/02\/DSC_1053-3-1-2048x1365.jpg 2048w\" sizes=\"(max-width: 1024px) 100vw, 1024px\" \/>\t\t\t\t\t\t\t\t\t\t\t\t\t\t\t<\/div>\n\t\t\t\t<\/div>\n\t\t<div class=\"elementor-element elementor-element-49645cd e-con-full e-flex e-con e-child\" data-id=\"49645cd\" data-element_type=\"container\" data-e-type=\"container\">\n\t\t\t\t<div class=\"elementor-element elementor-element-6e0d449 elementor-widget elementor-widget-image\" data-id=\"6e0d449\" data-element_type=\"widget\" data-e-type=\"widget\" data-widget_type=\"image.default\">\n\t\t\t\t\t\t\t\t\t\t\t\t\t\t\t<img loading=\"lazy\" decoding=\"async\" width=\"1024\" height=\"819\" src=\"https:\/\/siloel.com\/wp-content\/uploads\/2026\/02\/DSC0873-1024x819.jpg\" class=\"attachment-large size-large wp-image-57\" alt=\"\" srcset=\"https:\/\/siloel.com\/wp-content\/uploads\/2026\/02\/DSC0873-1024x819.jpg 1024w, https:\/\/siloel.com\/wp-content\/uploads\/2026\/02\/DSC0873-300x240.jpg 300w, https:\/\/siloel.com\/wp-content\/uploads\/2026\/02\/DSC0873-768x614.jpg 768w, https:\/\/siloel.com\/wp-content\/uploads\/2026\/02\/DSC0873-1536x1229.jpg 1536w, https:\/\/siloel.com\/wp-content\/uploads\/2026\/02\/DSC0873-2048x1639.jpg 2048w\" sizes=\"(max-width: 1024px) 100vw, 1024px\" \/>\t\t\t\t\t\t\t\t\t\t\t\t\t\t\t<\/div>\n\t\t\t\t<\/div>\n\t\t\t\t\t<\/div>\n\t\t\t\t<\/div>\n\t\t<div class=\"elementor-element elementor-element-d292e47 e-flex e-con-boxed elementor-invisible e-con e-parent\" data-id=\"d292e47\" data-element_type=\"container\" data-e-type=\"container\" data-settings=\"{&quot;animation&quot;:&quot;fadeInUp&quot;}\">\n\t\t\t\t\t<div class=\"e-con-inner\">\n\t\t\t\t<div class=\"elementor-element elementor-element-d049f61 elementor-widget elementor-widget-video\" data-id=\"d049f61\" data-element_type=\"widget\" data-e-type=\"widget\" data-settings=\"{&quot;youtube_url&quot;:&quot;https:\\\/\\\/youtu.be\\\/i7gCRmg89pI?si=DFg_8MBl9MI0D-oc&quot;,&quot;video_type&quot;:&quot;youtube&quot;,&quot;controls&quot;:&quot;yes&quot;}\" data-widget_type=\"video.default\">\n\t\t\t\t\t\t\t<div class=\"elementor-wrapper elementor-open-inline\">\n\t\t\t<div class=\"elementor-video\"><\/div>\t\t<\/div>\n\t\t\t\t\t\t<\/div>\n\t\t\t\t\t<\/div>\n\t\t\t\t<\/div>\n\t\t\t\t<\/div>","protected":false},"excerpt":{"rendered":"<p>\u00c0 propos Form\u00e9 en 2019 en Alsace (France), SiloEl rassemble quatre musiciens partageant la m\u00eame envie : \u00e9crire une pop [&hellip;]<\/p>\n","protected":false},"author":1,"featured_media":0,"parent":0,"menu_order":0,"comment_status":"closed","ping_status":"closed","template":"","meta":{"site-sidebar-layout":"no-sidebar","site-content-layout":"","ast-site-content-layout":"full-width-container","site-content-style":"default","site-sidebar-style":"default","ast-global-header-display":"","ast-banner-title-visibility":"","ast-main-header-display":"","ast-hfb-above-header-display":"","ast-hfb-below-header-display":"","ast-hfb-mobile-header-display":"","site-post-title":"disabled","ast-breadcrumbs-content":"","ast-featured-img":"disabled","footer-sml-layout":"","ast-disable-related-posts":"","theme-transparent-header-meta":"","adv-header-id-meta":"","stick-header-meta":"","header-above-stick-meta":"","header-main-stick-meta":"","header-below-stick-meta":"","astra-migrate-meta-layouts":"default","ast-page-background-enabled":"default","ast-page-background-meta":{"desktop":{"background-color":"var(--ast-global-color-5)","background-image":"","background-repeat":"repeat","background-position":"center center","background-size":"auto","background-attachment":"scroll","background-type":"","background-media":"","overlay-type":"","overlay-color":"","overlay-opacity":"","overlay-gradient":""},"tablet":{"background-color":"","background-image":"","background-repeat":"repeat","background-position":"center center","background-size":"auto","background-attachment":"scroll","background-type":"","background-media":"","overlay-type":"","overlay-color":"","overlay-opacity":"","overlay-gradient":""},"mobile":{"background-color":"","background-image":"","background-repeat":"repeat","background-position":"center center","background-size":"auto","background-attachment":"scroll","background-type":"","background-media":"","overlay-type":"","overlay-color":"","overlay-opacity":"","overlay-gradient":""}},"ast-content-background-meta":{"desktop":{"background-color":"var(--ast-global-color-4)","background-image":"","background-repeat":"repeat","background-position":"center center","background-size":"auto","background-attachment":"scroll","background-type":"","background-media":"","overlay-type":"","overlay-color":"","overlay-opacity":"","overlay-gradient":""},"tablet":{"background-color":"var(--ast-global-color-4)","background-image":"","background-repeat":"repeat","background-position":"center center","background-size":"auto","background-attachment":"scroll","background-type":"","background-media":"","overlay-type":"","overlay-color":"","overlay-opacity":"","overlay-gradient":""},"mobile":{"background-color":"var(--ast-global-color-4)","background-image":"","background-repeat":"repeat","background-position":"center center","background-size":"auto","background-attachment":"scroll","background-type":"","background-media":"","overlay-type":"","overlay-color":"","overlay-opacity":"","overlay-gradient":""}},"footnotes":""},"class_list":["post-52","page","type-page","status-publish","hentry"],"_links":{"self":[{"href":"https:\/\/siloel.com\/en\/wp-json\/wp\/v2\/pages\/52","targetHints":{"allow":["GET"]}}],"collection":[{"href":"https:\/\/siloel.com\/en\/wp-json\/wp\/v2\/pages"}],"about":[{"href":"https:\/\/siloel.com\/en\/wp-json\/wp\/v2\/types\/page"}],"author":[{"embeddable":true,"href":"https:\/\/siloel.com\/en\/wp-json\/wp\/v2\/users\/1"}],"replies":[{"embeddable":true,"href":"https:\/\/siloel.com\/en\/wp-json\/wp\/v2\/comments?post=52"}],"version-history":[{"count":22,"href":"https:\/\/siloel.com\/en\/wp-json\/wp\/v2\/pages\/52\/revisions"}],"predecessor-version":[{"id":234,"href":"https:\/\/siloel.com\/en\/wp-json\/wp\/v2\/pages\/52\/revisions\/234"}],"wp:attachment":[{"href":"https:\/\/siloel.com\/en\/wp-json\/wp\/v2\/media?parent=52"}],"curies":[{"name":"wp","href":"https:\/\/api.w.org\/{rel}","templated":true}]}}