{"id":168,"date":"2026-02-11T01:15:38","date_gmt":"2026-02-11T01:15:38","guid":{"rendered":"https:\/\/siloel.com\/?page_id=168"},"modified":"2026-02-26T17:51:11","modified_gmt":"2026-02-26T17:51:11","slug":"mentions-legales","status":"publish","type":"page","link":"https:\/\/siloel.com\/en\/mentions-legales\/","title":{"rendered":"Legal Notice | Privacy Policy"},"content":{"rendered":"<div data-elementor-type=\"wp-page\" data-elementor-id=\"168\" class=\"elementor elementor-168\">\n\t\t\t\t<div class=\"elementor-element elementor-element-14217ee e-flex e-con-boxed e-con e-parent\" data-id=\"14217ee\" data-element_type=\"container\" data-e-type=\"container\">\n\t\t\t\t\t<div class=\"e-con-inner\">\n\t\t\t\t<div class=\"elementor-element elementor-element-d43e894 elementor-widget elementor-widget-text-editor\" data-id=\"d43e894\" data-element_type=\"widget\" data-e-type=\"widget\" data-widget_type=\"text-editor.default\">\n\t\t\t\t\t\t\t\t\t<h1 data-start=\"189\" data-end=\"210\"><strong>Legal Notice | Privacy Policy<\/strong><\/h1><p>Last updated: April 26, 2026<\/p><h3 data-start=\"189\" data-end=\"210\">Website Editor<\/h3><p data-start=\"211\" data-end=\"461\">Band name : <strong data-start=\"227\" data-end=\"246\">SiloEl<\/strong><br data-start=\"246\" data-end=\"249\" \/>Site Manager : <strong data-start=\"271\" data-end=\"316\">Ritter L\u00e9a<\/strong><br data-start=\"316\" data-end=\"319\" \/>Status: Music Group \u2013 Non-commercial Artistic Activity<br data-start=\"383\" data-end=\"386\" \/>Location : <strong data-start=\"401\" data-end=\"419\">France<\/strong><br data-start=\"419\" data-end=\"422\" \/>Email Address : <strong data-start=\"439\" data-end=\"461\">contact.siloel@gmail.com<\/strong><\/p><h3 data-start=\"463\" data-end=\"496\">Editorial Director<\/h3><p data-start=\"497\" data-end=\"539\"><strong data-start=\"497\" data-end=\"539\">Ritter L\u00e9a<\/strong><\/p><h3 data-start=\"541\" data-end=\"558\">Web Hosting<\/h3><p data-start=\"559\" data-end=\"720\">The hosting of this website is provided by HOSTINGER INTERNATIONAL LTD, whose registered office is located at <b>61 Lordou Vironos Street, 6023 Larnaca, Chypre<\/b>, reachable via the following link: https:\/\/www.hostinger.fr\/contact<\/p><h3 data-start=\"722\" data-end=\"752\">Intellectual Property<\/h3><p data-start=\"753\" data-end=\"1130\">The content on this website <strong data-start=\"787\" data-end=\"806\">SiloEl<\/strong>, including, in particular, photographs, videos, texts, visuals, and graphic elements, are protected by copyright.<br data-start=\"930\" data-end=\"933\" \/>Embedded videos from YouTube remain the property of their respective rights holders.<br data-start=\"1023\" data-end=\"1026\" \/>Any reproduction, distribution, or use, in whole or in part, without prior permission is strictly prohibited.<\/p><h3 data-start=\"1132\" data-end=\"1152\">Liability<\/h3><p data-start=\"1153\" data-end=\"1338\">The site publisher cannot be held liable for the content of videos streamed via the YouTube platform, nor for any service interruptions related to third-party platforms.<\/p><h3 data-start=\"1340\" data-end=\"1366\">Personal Information<\/h3><p data-start=\"1388\" data-end=\"1666\">The personal data collected via the contact form include : <strong data-start=\"1460\" data-end=\"1493\">last name, first name, and email address<\/strong>.<br data-start=\"1494\" data-end=\"1497\" \/>This information is collected and used <strong data-start=\"1529\" data-end=\"1578\">solely to respond to messages sent.<\/strong> and are not <strong data-start=\"1590\" data-end=\"1638\">kept longer than necessary<\/strong>, nor shared with third parties.<\/p><p data-start=\"1668\" data-end=\"1908\">In accordance with the General Data Protection Regulation (GDPR), you have the right to access, correct, and delete your personal data.<br data-start=\"1837\" data-end=\"1840\" \/>You can exercise this right by contacting : <strong data-start=\"1885\" data-end=\"1907\">contact.siloel@gmail.com<\/strong><\/p><h3 data-start=\"1910\" data-end=\"1941\">Cookies and Third-Party Services<\/h3><p data-start=\"1942\" data-end=\"2177\">The SiloEl website may use cookies necessary for its operation and for the integration of external content. It<span style=\"caret-color: #000000; color: #000000; font-size: medium; font-family: var( --e-global-typography-text-font-family ), Sans-serif; text-align: var(--text-align);\">\u00a0<\/span><span style=\"font-style: inherit; font-family: var( --e-global-typography-text-font-family ), Sans-serif; text-align: var(--text-align);\">integrates content from third-party services, including YouTube.<\/span><\/p><p data-start=\"1942\" data-end=\"2177\">These services may set cookies or collect browsing data in accordance with their own privacy policies.<\/p><p data-start=\"1942\" data-end=\"2177\">You can manage or refuse cookies directly from your browser settings.<\/p>\t\t\t\t\t\t\t\t<\/div>\n\t\t\t\t\t<\/div>\n\t\t\t\t<\/div>\n\t\t\t\t<\/div>","protected":false},"excerpt":{"rendered":"<p>Mentions L\u00e9gales \/ Politique de confidentialit\u00e9 Mis \u00e0 jour le 26 f\u00e9vrier 2026 \u00c9diteur du site Nom du groupe : [&hellip;]<\/p>\n","protected":false},"author":1,"featured_media":0,"parent":0,"menu_order":0,"comment_status":"closed","ping_status":"closed","template":"","meta":{"site-sidebar-layout":"no-sidebar","site-content-layout":"","ast-site-content-layout":"full-width-container","site-content-style":"default","site-sidebar-style":"default","ast-global-header-display":"","ast-banner-title-visibility":"","ast-main-header-display":"","ast-hfb-above-header-display":"","ast-hfb-below-header-display":"","ast-hfb-mobile-header-display":"","site-post-title":"disabled","ast-breadcrumbs-content":"","ast-featured-img":"disabled","footer-sml-layout":"","ast-disable-related-posts":"","theme-transparent-header-meta":"","adv-header-id-meta":"","stick-header-meta":"","header-above-stick-meta":"","header-main-stick-meta":"","header-below-stick-meta":"","astra-migrate-meta-layouts":"default","ast-page-background-enabled":"default","ast-page-background-meta":{"desktop":{"background-color":"var(--ast-global-color-5)","background-image":"","background-repeat":"repeat","background-position":"center center","background-size":"auto","background-attachment":"scroll","background-type":"","background-media":"","overlay-type":"","overlay-color":"","overlay-opacity":"","overlay-gradient":""},"tablet":{"background-color":"","background-image":"","background-repeat":"repeat","background-position":"center center","background-size":"auto","background-attachment":"scroll","background-type":"","background-media":"","overlay-type":"","overlay-color":"","overlay-opacity":"","overlay-gradient":""},"mobile":{"background-color":"","background-image":"","background-repeat":"repeat","background-position":"center center","background-size":"auto","background-attachment":"scroll","background-type":"","background-media":"","overlay-type":"","overlay-color":"","overlay-opacity":"","overlay-gradient":""}},"ast-content-background-meta":{"desktop":{"background-color":"var(--ast-global-color-4)","background-image":"","background-repeat":"repeat","background-position":"center center","background-size":"auto","background-attachment":"scroll","background-type":"","background-media":"","overlay-type":"","overlay-color":"","overlay-opacity":"","overlay-gradient":""},"tablet":{"background-color":"var(--ast-global-color-4)","background-image":"","background-repeat":"repeat","background-position":"center center","background-size":"auto","background-attachment":"scroll","background-type":"","background-media":"","overlay-type":"","overlay-color":"","overlay-opacity":"","overlay-gradient":""},"mobile":{"background-color":"var(--ast-global-color-4)","background-image":"","background-repeat":"repeat","background-position":"center center","background-size":"auto","background-attachment":"scroll","background-type":"","background-media":"","overlay-type":"","overlay-color":"","overlay-opacity":"","overlay-gradient":""}},"footnotes":""},"class_list":["post-168","page","type-page","status-publish","hentry"],"_links":{"self":[{"href":"https:\/\/siloel.com\/en\/wp-json\/wp\/v2\/pages\/168","targetHints":{"allow":["GET"]}}],"collection":[{"href":"https:\/\/siloel.com\/en\/wp-json\/wp\/v2\/pages"}],"about":[{"href":"https:\/\/siloel.com\/en\/wp-json\/wp\/v2\/types\/page"}],"author":[{"embeddable":true,"href":"https:\/\/siloel.com\/en\/wp-json\/wp\/v2\/users\/1"}],"replies":[{"embeddable":true,"href":"https:\/\/siloel.com\/en\/wp-json\/wp\/v2\/comments?post=168"}],"version-history":[{"count":24,"href":"https:\/\/siloel.com\/en\/wp-json\/wp\/v2\/pages\/168\/revisions"}],"predecessor-version":[{"id":246,"href":"https:\/\/siloel.com\/en\/wp-json\/wp\/v2\/pages\/168\/revisions\/246"}],"wp:attachment":[{"href":"https:\/\/siloel.com\/en\/wp-json\/wp\/v2\/media?parent=168"}],"curies":[{"name":"wp","href":"https:\/\/api.w.org\/{rel}","templated":true}]}}